{"id":2,"date":"2016-05-10T03:48:21","date_gmt":"2016-05-10T03:48:21","guid":{"rendered":"http:\/\/heuserverwaltung.immo\/?page_id=2"},"modified":"2019-09-01T10:45:13","modified_gmt":"2019-09-01T09:45:13","slug":"sample-page","status":"publish","type":"page","link":"https:\/\/heuserverwaltung.immo\/","title":{"rendered":"Home"},"content":{"rendered":"\n<p>Gerne biete ich Ihnen hier einen groben \u00dcberblick \u00fcber mein Leistungsspektrum.<\/p>\n\n\n\n<p>Schwerpunktm\u00e4\u00dfig biete ich die Verwaltung von Mieth\u00e4usern als Komplettpaket an.<\/p>\n\n\n\n<p>Erg\u00e4nzend k\u00f6nnen auch Eigent\u00fcmer in Wohnungseigent\u00fcmergemeinschaften Teilbereiche wie <\/p>\n\n\n\n<ul class=\"wp-block-list\"><li>Wohnungsbegehungen und Wohnungs\u00fcbergaben<\/li><li>Neuvermietungen <\/li><li>Pr\u00fcfen und Durchf\u00fchren von Mieterh\u00f6hungen<\/li><li>und weitere wohnungswirtschaftliche Dienstleistungen <\/li><\/ul>\n\n\n\n<p>in Anspruch nehmen.<\/p>\n\n\n\n<p>Als Kauffrau in der Grundst\u00fccks-und Wohnungswirtschaft, Immobilienfachwirtin IHK und vielen Jahren Erfahrung und Praxis im Bereich WEG-Verwaltung sowie Miet- und Sondereigentumsverwaltung k\u00f6nnen Sie sich auf eine professionelle und zuverl\u00e4ssige Betreuung verlassen.<\/p>\n\n\n\n<p><\/p>\n\n\n\n<p><br><\/p>\n\n\n\n<p><\/p>\n","protected":false},"excerpt":{"rendered":"<p>Gerne biete ich Ihnen hier einen groben \u00dcberblick \u00fcber mein Leistungsspektrum. Schwerpunktm\u00e4\u00dfig biete ich die Verwaltung von Mieth\u00e4usern als Komplettpaket an. Erg\u00e4nzend k\u00f6nnen auch Eigent\u00fcmer in Wohnungseigent\u00fcmergemeinschaften Teilbereiche wie Wohnungsbegehungen und Wohnungs\u00fcbergaben Neuvermietungen Pr\u00fcfen und Durchf\u00fchren von Mieterh\u00f6hungen und weitere wohnungswirtschaftliche Dienstleistungen in Anspruch nehmen. Als Kauffrau in der Grundst\u00fccks-und Wohnungswirtschaft, Immobilienfachwirtin IHK und vielen [&hellip;]<\/p>\n","protected":false},"author":1,"featured_media":0,"parent":0,"menu_order":0,"comment_status":"closed","ping_status":"open","template":"","meta":{"footnotes":""},"class_list":["post-2","page","type-page","status-publish","hentry"],"_links":{"self":[{"href":"https:\/\/heuserverwaltung.immo\/index.php?rest_route=\/wp\/v2\/pages\/2","targetHints":{"allow":["GET"]}}],"collection":[{"href":"https:\/\/heuserverwaltung.immo\/index.php?rest_route=\/wp\/v2\/pages"}],"about":[{"href":"https:\/\/heuserverwaltung.immo\/index.php?rest_route=\/wp\/v2\/types\/page"}],"author":[{"embeddable":true,"href":"https:\/\/heuserverwaltung.immo\/index.php?rest_route=\/wp\/v2\/users\/1"}],"replies":[{"embeddable":true,"href":"https:\/\/heuserverwaltung.immo\/index.php?rest_route=%2Fwp%2Fv2%2Fcomments&post=2"}],"version-history":[{"count":9,"href":"https:\/\/heuserverwaltung.immo\/index.php?rest_route=\/wp\/v2\/pages\/2\/revisions"}],"predecessor-version":[{"id":96,"href":"https:\/\/heuserverwaltung.immo\/index.php?rest_route=\/wp\/v2\/pages\/2\/revisions\/96"}],"wp:attachment":[{"href":"https:\/\/heuserverwaltung.immo\/index.php?rest_route=%2Fwp%2Fv2%2Fmedia&parent=2"}],"curies":[{"name":"wp","href":"https:\/\/api.w.org\/{rel}","templated":true}]}}